{"id":832,"date":"2024-07-08T16:15:07","date_gmt":"2024-07-08T16:15:07","guid":{"rendered":"https:\/\/www.antibullfighting.org\/manifest\/ces-97-candidats-deputes-ont-signe-le-manifeste\/"},"modified":"2024-10-21T10:19:12","modified_gmt":"2024-10-21T10:19:12","slug":"ces-97-candidats-deputes-ont-signe-le-manifeste","status":"publish","type":"page","link":"https:\/\/www.antibullfighting.org\/fr\/manifest\/ces-97-candidats-deputes-ont-signe-le-manifeste\/","title":{"rendered":"Ces 97 (candidats) d\u00e9put\u00e9s urop\u00e9ens ont sign\u00e9 le manifeste"},"content":{"rendered":"<h1>D\u00e9put\u00e9s \u00e9lus<\/h1>\n<h2><strong>Espagne<\/strong><\/h2>\n<ul>\n<li>Irene Montero, Podemos<\/li>\n<li>Isabel Serra S\u00e1nchez, Podemos<\/li>\n<\/ul>\n<h2><strong>France<\/strong><\/h2>\n<ul>\n<li>Marie Toussaint, EELV \u2013 Europe Ecologie Les Verts<\/li>\n<\/ul>\n<h2><strong>Portugal<\/strong><\/h2>\n<ul>\n<li>Catarina Martins, Bloco de Esquerda<\/li>\n<\/ul>\n<h2><strong>Les Pays-Bas<\/strong><\/h2>\n<ul>\n<li>Raquel Garc\u00eda Hermida \u2013 van der Walle, D66<\/li>\n<li>Anja Hazekamp, Partij voor de Dieren<\/li>\n<li>Catarina Vieira, GroenLinks<\/li>\n<\/ul>\n<h2><strong>Luxembourg<\/strong><\/h2>\n<ul>\n<li>Tilly Metz, D\u00e9i Gr\u00e9ng &#8211; Les Verts<\/li>\n<\/ul>\n<h1>Candidats d\u00e9put\u00e9s<\/h1>\n<h2><\/h2>\n<h2><strong>Espagne<\/strong><\/h2>\n<p>&nbsp;<\/p>\n<h3>Podemos<\/h3>\n<ul>\n<li>Julio Rodr\u00edguez<\/li>\n<li>Mar Cambroll\u00e9 Jurado<\/li>\n<li>Alba Ramos Solano<\/li>\n<li>Adri\u00e1n Garc\u00eda Abenza<\/li>\n<li>Jos\u00e9 Luis Garc\u00eda Gasc\u00f3n<\/li>\n<li>Diego Ca\u00f1amero Valle<\/li>\n<li>Mar\u00eda Teresa P\u00e9rez D\u00edaz<\/li>\n<li>Estefania Torres Martinez<\/li>\n<\/ul>\n<h3>Verdes Equo<\/h3>\n<ul>\n<li>Florent Marcellesi<\/li>\n<li>Helena Vidal Brazales<\/li>\n<\/ul>\n<h3>Bloco de Esquerda<\/h3>\n<ul>\n<li>Jos\u00e9 Gusm\u00e3o<\/li>\n<li>Anabela Rodrigues<\/li>\n<\/ul>\n<h3>Volt<\/h3>\n<ul>\n<li>Clara Panella G\u00f3mez<\/li>\n<li>Rachele Arciulo<\/li>\n<\/ul>\n<p>&nbsp;<\/p>\n<h2><strong>France<\/strong><\/h2>\n<p>&nbsp;<\/p>\n<h3>EELV \u2013 Europe Ecologie Les Verts<\/h3>\n<ul>\n<li>Fran\u00e7ois Gar\u00e7aut<\/li>\n<li>Sophia Popoff<\/li>\n<li>Chloe Sagaspe<\/li>\n<li>Ma\u00ebl Rannou<\/li>\n<li>Marine Tondelier<\/li>\n<li>Jacques Chanudet<\/li>\n<li>J\u00e9r\u00e9my Savetier<\/li>\n<li>Caroline Roose<\/li>\n<li>Anna Maillard<\/li>\n<\/ul>\n<h3>Parti Animaliste<\/h3>\n<ul>\n<li>B\u00e9atrice Canel Depitre<\/li>\n<li>Pierre-Alexandre Guesdon<\/li>\n<li>Romain Van Den Broucke<\/li>\n<li>Thierry Vandeplassche<\/li>\n<li>C\u00e9line Sauviniat<\/li>\n<li>C\u00e9dic Othily<\/li>\n<li>S\u00e9bastien Billard<\/li>\n<li>Gwenola Bouriel<\/li>\n<li>Franck Delalande<\/li>\n<li>Jean Pierre Baracco<\/li>\n<li>Fran\u00e7oise Benoit-Lizon<\/li>\n<li>Alexis Villanueva<\/li>\n<li>Laura Vandomme<\/li>\n<li>R\u00e9gine Harray Cohen<\/li>\n<li>Christophe Blanckaert<\/li>\n<li>Chadia Bailet<\/li>\n<li>Fr\u00e9d\u00e9ric Duboucher<\/li>\n<li>Patrick Charron<\/li>\n<li>Daniel Combo<\/li>\n<li>Corinne Delaporte<\/li>\n<li>J\u00e9r\u00f4me Dumarty<\/li>\n<li>Damien Claudel<\/li>\n<li>Sabine Billard<\/li>\n<li>Claude Grebil<\/li>\n<li>Patricia Rogier<\/li>\n<li>Corinne Bri\u00e8re<\/li>\n<li>George Homs<\/li>\n<li>Nathalie Thi\u00e9baut<\/li>\n<li>Vincent Duquenne<\/li>\n<li>B\u00e9atrice Canel Depitre<\/li>\n<li>Mira Douchka Markovic<\/li>\n<li>Sandra Krief<\/li>\n<li>Philippe D\u00e9marquez<\/li>\n<li>Denis Schmid<\/li>\n<li>Eddine Ariztegui<\/li>\n<\/ul>\n<h3>\u00c9cologie au centre<\/h3>\n<ul>\n<li>Jean Marc<\/li>\n<\/ul>\n<h3>Volt<\/h3>\n<ul>\n<li>Sven Franck<\/li>\n<\/ul>\n<p>&nbsp;<\/p>\n<h2><strong>Portugal<\/strong><\/h2>\n<p>&nbsp;<\/p>\n<h3>PAN-Pessoas Animais Natureza<\/h3>\n<ul>\n<li>T\u00e2nia Mesquita<\/li>\n<li>Sandra Pimenta<\/li>\n<li>Pedro Fidalgo Marques<\/li>\n<li>Rafael Punto<\/li>\n<\/ul>\n<h3>Volt<\/h3>\n<ul>\n<li>Rhia Lopes<\/li>\n<li>Duarte Costa<\/li>\n<\/ul>\n<h3>Livre<\/h3>\n<ul>\n<li>Marta Mour\u00e3o<\/li>\n<li>Matilde Ribeira<\/li>\n<li>Filipe Hon\u00f3rio<\/li>\n<li>Filipa Silva<\/li>\n<li>Sim\u00e3o Ribeiro P\u00f3voa<\/li>\n<li>Miguel Chambel<\/li>\n<li>Francisco Paup\u00e9rio<\/li>\n<li>Raquel Pichel<\/li>\n<\/ul>\n<h3>Patrido Ecologista Os Verdes<\/h3>\n<ul>\n<li>Patr\u00edcia Marcelino<\/li>\n<li>Marta Parente<\/li>\n<li>Mariana Silva<\/li>\n<\/ul>\n<p>&nbsp;<\/p>\n<h2><strong>Les Pays-Bas<\/strong><\/h2>\n<p>&nbsp;<\/p>\n<h3>D66<\/h3>\n<ul>\n<li>Hendri Nortier<\/li>\n<\/ul>\n<h3>Partij voor de Dieren<\/h3>\n<ul>\n<li>Kirsten Weiteing<\/li>\n<li>Gaby Markandu<\/li>\n<li>Onno Loonstra<\/li>\n<li>Nayra van Lubek<\/li>\n<li>Wesley Pechler<\/li>\n<li>Frank Wassenberg<\/li>\n<li>Ewout van Hoek<\/li>\n<li>Win Scheijde<\/li>\n<li>Mandy Ligthart<\/li>\n<li>Nicole Dick<\/li>\n<li>Elsa Miedema<\/li>\n<\/ul>\n<p>&nbsp;<\/p>\n","protected":false},"excerpt":{"rendered":"<p>D\u00e9put\u00e9s \u00e9lus Espagne Irene Montero, Podemos Isabel Serra S\u00e1nchez, Podemos France Marie Toussaint, EELV \u2013 Europe Ecologie Les Verts Portugal Catarina Martins, Bloco de Esquerda Les Pays-Bas Raquel Garc\u00eda Hermida \u2013 van der Walle, D66 Anja Hazekamp, Partij voor de Dieren Catarina Vieira, GroenLinks Luxembourg Tilly Metz, D\u00e9i Gr\u00e9ng &#8211; Les Verts Candidats d\u00e9put\u00e9s Espagne&#8230;<\/p>\n","protected":false},"author":3,"featured_media":397,"parent":193,"menu_order":0,"comment_status":"closed","ping_status":"closed","template":"","meta":{"_acf_changed":false,"footnotes":""},"class_list":["post-832","page","type-page","status-publish","has-post-thumbnail","hentry"],"acf":[],"yoast_head":"<!-- This site is optimized with the Yoast SEO plugin v27.3 - https:\/\/yoast.com\/product\/yoast-seo-wordpress\/ -->\n<title>Ces 97 (candidats) d\u00e9put\u00e9s urop\u00e9ens ont sign\u00e9 le manifeste - International Network against bullfighting<\/title>\n<meta name=\"robots\" content=\"index, follow, max-snippet:-1, max-image-preview:large, max-video-preview:-1\" \/>\n<link rel=\"canonical\" href=\"https:\/\/www.antibullfighting.org\/fr\/manifest\/ces-97-candidats-deputes-ont-signe-le-manifeste\/\" \/>\n<meta property=\"og:locale\" content=\"fr_FR\" \/>\n<meta property=\"og:type\" content=\"article\" \/>\n<meta property=\"og:title\" content=\"Ces 97 (candidats) d\u00e9put\u00e9s urop\u00e9ens ont sign\u00e9 le manifeste - International Network against bullfighting\" \/>\n<meta property=\"og:description\" content=\"D\u00e9put\u00e9s \u00e9lus Espagne Irene Montero, Podemos Isabel Serra S\u00e1nchez, Podemos France Marie Toussaint, EELV \u2013 Europe Ecologie Les Verts Portugal Catarina Martins, Bloco de Esquerda Les Pays-Bas Raquel Garc\u00eda Hermida \u2013 van der Walle, D66 Anja Hazekamp, Partij voor de Dieren Catarina Vieira, GroenLinks Luxembourg Tilly Metz, D\u00e9i Gr\u00e9ng &#8211; Les Verts Candidats d\u00e9put\u00e9s Espagne...\" \/>\n<meta property=\"og:url\" content=\"https:\/\/www.antibullfighting.org\/fr\/manifest\/ces-97-candidats-deputes-ont-signe-le-manifeste\/\" \/>\n<meta property=\"og:site_name\" content=\"International Network against bullfighting\" \/>\n<meta property=\"article:modified_time\" content=\"2024-10-21T10:19:12+00:00\" \/>\n<meta property=\"og:image\" content=\"https:\/\/www.antibullfighting.org\/wp-content\/uploads\/2024\/04\/DSC_3874-1024x682.jpg\" \/>\n\t<meta property=\"og:image:width\" content=\"1024\" \/>\n\t<meta property=\"og:image:height\" content=\"682\" \/>\n\t<meta property=\"og:image:type\" content=\"image\/jpeg\" \/>\n<meta name=\"twitter:card\" content=\"summary_large_image\" \/>\n<meta name=\"twitter:label1\" content=\"Dur\u00e9e de lecture estim\u00e9e\" \/>\n\t<meta name=\"twitter:data1\" content=\"2 minutes\" \/>\n<script type=\"application\/ld+json\" class=\"yoast-schema-graph\">{\"@context\":\"https:\\\/\\\/schema.org\",\"@graph\":[{\"@type\":\"WebPage\",\"@id\":\"https:\\\/\\\/www.antibullfighting.org\\\/fr\\\/manifest\\\/ces-97-candidats-deputes-ont-signe-le-manifeste\\\/\",\"url\":\"https:\\\/\\\/www.antibullfighting.org\\\/fr\\\/manifest\\\/ces-97-candidats-deputes-ont-signe-le-manifeste\\\/\",\"name\":\"Ces 97 (candidats) d\u00e9put\u00e9s urop\u00e9ens ont sign\u00e9 le manifeste - International Network against bullfighting\",\"isPartOf\":{\"@id\":\"https:\\\/\\\/www.antibullfighting.org\\\/fr\\\/#website\"},\"primaryImageOfPage\":{\"@id\":\"https:\\\/\\\/www.antibullfighting.org\\\/fr\\\/manifest\\\/ces-97-candidats-deputes-ont-signe-le-manifeste\\\/#primaryimage\"},\"image\":{\"@id\":\"https:\\\/\\\/www.antibullfighting.org\\\/fr\\\/manifest\\\/ces-97-candidats-deputes-ont-signe-le-manifeste\\\/#primaryimage\"},\"thumbnailUrl\":\"https:\\\/\\\/www.antibullfighting.org\\\/wp-content\\\/uploads\\\/2024\\\/04\\\/DSC_3874-e1712153549396.jpg\",\"datePublished\":\"2024-07-08T16:15:07+00:00\",\"dateModified\":\"2024-10-21T10:19:12+00:00\",\"breadcrumb\":{\"@id\":\"https:\\\/\\\/www.antibullfighting.org\\\/fr\\\/manifest\\\/ces-97-candidats-deputes-ont-signe-le-manifeste\\\/#breadcrumb\"},\"inLanguage\":\"fr-FR\",\"potentialAction\":[{\"@type\":\"ReadAction\",\"target\":[\"https:\\\/\\\/www.antibullfighting.org\\\/fr\\\/manifest\\\/ces-97-candidats-deputes-ont-signe-le-manifeste\\\/\"]}]},{\"@type\":\"ImageObject\",\"inLanguage\":\"fr-FR\",\"@id\":\"https:\\\/\\\/www.antibullfighting.org\\\/fr\\\/manifest\\\/ces-97-candidats-deputes-ont-signe-le-manifeste\\\/#primaryimage\",\"url\":\"https:\\\/\\\/www.antibullfighting.org\\\/wp-content\\\/uploads\\\/2024\\\/04\\\/DSC_3874-e1712153549396.jpg\",\"contentUrl\":\"https:\\\/\\\/www.antibullfighting.org\\\/wp-content\\\/uploads\\\/2024\\\/04\\\/DSC_3874-e1712153549396.jpg\",\"width\":2000,\"height\":1333,\"caption\":\"Prohibici\u00f3n de instrumentos de tortura en corridas de toros en Ciudad de M\u00e9xico\"},{\"@type\":\"BreadcrumbList\",\"@id\":\"https:\\\/\\\/www.antibullfighting.org\\\/fr\\\/manifest\\\/ces-97-candidats-deputes-ont-signe-le-manifeste\\\/#breadcrumb\",\"itemListElement\":[{\"@type\":\"ListItem\",\"position\":1,\"name\":\"Home\",\"item\":\"https:\\\/\\\/www.antibullfighting.org\\\/fr\\\/\"},{\"@type\":\"ListItem\",\"position\":2,\"name\":\"Manifeste contre la corrida\",\"item\":\"https:\\\/\\\/www.antibullfighting.org\\\/fr\\\/manifest\\\/\"},{\"@type\":\"ListItem\",\"position\":3,\"name\":\"Ces 97 (candidats) d\u00e9put\u00e9s urop\u00e9ens ont sign\u00e9 le manifeste\"}]},{\"@type\":\"WebSite\",\"@id\":\"https:\\\/\\\/www.antibullfighting.org\\\/fr\\\/#website\",\"url\":\"https:\\\/\\\/www.antibullfighting.org\\\/fr\\\/\",\"name\":\"International Network against bullfighting\",\"description\":\"\",\"potentialAction\":[{\"@type\":\"SearchAction\",\"target\":{\"@type\":\"EntryPoint\",\"urlTemplate\":\"https:\\\/\\\/www.antibullfighting.org\\\/fr\\\/?s={search_term_string}\"},\"query-input\":{\"@type\":\"PropertyValueSpecification\",\"valueRequired\":true,\"valueName\":\"search_term_string\"}}],\"inLanguage\":\"fr-FR\"}]}<\/script>\n<!-- \/ Yoast SEO plugin. -->","yoast_head_json":{"title":"Ces 97 (candidats) d\u00e9put\u00e9s urop\u00e9ens ont sign\u00e9 le manifeste - International Network against bullfighting","robots":{"index":"index","follow":"follow","max-snippet":"max-snippet:-1","max-image-preview":"max-image-preview:large","max-video-preview":"max-video-preview:-1"},"canonical":"https:\/\/www.antibullfighting.org\/fr\/manifest\/ces-97-candidats-deputes-ont-signe-le-manifeste\/","og_locale":"fr_FR","og_type":"article","og_title":"Ces 97 (candidats) d\u00e9put\u00e9s urop\u00e9ens ont sign\u00e9 le manifeste - International Network against bullfighting","og_description":"D\u00e9put\u00e9s \u00e9lus Espagne Irene Montero, Podemos Isabel Serra S\u00e1nchez, Podemos France Marie Toussaint, EELV \u2013 Europe Ecologie Les Verts Portugal Catarina Martins, Bloco de Esquerda Les Pays-Bas Raquel Garc\u00eda Hermida \u2013 van der Walle, D66 Anja Hazekamp, Partij voor de Dieren Catarina Vieira, GroenLinks Luxembourg Tilly Metz, D\u00e9i Gr\u00e9ng &#8211; Les Verts Candidats d\u00e9put\u00e9s Espagne...","og_url":"https:\/\/www.antibullfighting.org\/fr\/manifest\/ces-97-candidats-deputes-ont-signe-le-manifeste\/","og_site_name":"International Network against bullfighting","article_modified_time":"2024-10-21T10:19:12+00:00","og_image":[{"width":1024,"height":682,"url":"https:\/\/www.antibullfighting.org\/wp-content\/uploads\/2024\/04\/DSC_3874-1024x682.jpg","type":"image\/jpeg"}],"twitter_card":"summary_large_image","twitter_misc":{"Dur\u00e9e de lecture estim\u00e9e":"2 minutes"},"schema":{"@context":"https:\/\/schema.org","@graph":[{"@type":"WebPage","@id":"https:\/\/www.antibullfighting.org\/fr\/manifest\/ces-97-candidats-deputes-ont-signe-le-manifeste\/","url":"https:\/\/www.antibullfighting.org\/fr\/manifest\/ces-97-candidats-deputes-ont-signe-le-manifeste\/","name":"Ces 97 (candidats) d\u00e9put\u00e9s urop\u00e9ens ont sign\u00e9 le manifeste - International Network against bullfighting","isPartOf":{"@id":"https:\/\/www.antibullfighting.org\/fr\/#website"},"primaryImageOfPage":{"@id":"https:\/\/www.antibullfighting.org\/fr\/manifest\/ces-97-candidats-deputes-ont-signe-le-manifeste\/#primaryimage"},"image":{"@id":"https:\/\/www.antibullfighting.org\/fr\/manifest\/ces-97-candidats-deputes-ont-signe-le-manifeste\/#primaryimage"},"thumbnailUrl":"https:\/\/www.antibullfighting.org\/wp-content\/uploads\/2024\/04\/DSC_3874-e1712153549396.jpg","datePublished":"2024-07-08T16:15:07+00:00","dateModified":"2024-10-21T10:19:12+00:00","breadcrumb":{"@id":"https:\/\/www.antibullfighting.org\/fr\/manifest\/ces-97-candidats-deputes-ont-signe-le-manifeste\/#breadcrumb"},"inLanguage":"fr-FR","potentialAction":[{"@type":"ReadAction","target":["https:\/\/www.antibullfighting.org\/fr\/manifest\/ces-97-candidats-deputes-ont-signe-le-manifeste\/"]}]},{"@type":"ImageObject","inLanguage":"fr-FR","@id":"https:\/\/www.antibullfighting.org\/fr\/manifest\/ces-97-candidats-deputes-ont-signe-le-manifeste\/#primaryimage","url":"https:\/\/www.antibullfighting.org\/wp-content\/uploads\/2024\/04\/DSC_3874-e1712153549396.jpg","contentUrl":"https:\/\/www.antibullfighting.org\/wp-content\/uploads\/2024\/04\/DSC_3874-e1712153549396.jpg","width":2000,"height":1333,"caption":"Prohibici\u00f3n de instrumentos de tortura en corridas de toros en Ciudad de M\u00e9xico"},{"@type":"BreadcrumbList","@id":"https:\/\/www.antibullfighting.org\/fr\/manifest\/ces-97-candidats-deputes-ont-signe-le-manifeste\/#breadcrumb","itemListElement":[{"@type":"ListItem","position":1,"name":"Home","item":"https:\/\/www.antibullfighting.org\/fr\/"},{"@type":"ListItem","position":2,"name":"Manifeste contre la corrida","item":"https:\/\/www.antibullfighting.org\/fr\/manifest\/"},{"@type":"ListItem","position":3,"name":"Ces 97 (candidats) d\u00e9put\u00e9s urop\u00e9ens ont sign\u00e9 le manifeste"}]},{"@type":"WebSite","@id":"https:\/\/www.antibullfighting.org\/fr\/#website","url":"https:\/\/www.antibullfighting.org\/fr\/","name":"International Network against bullfighting","description":"","potentialAction":[{"@type":"SearchAction","target":{"@type":"EntryPoint","urlTemplate":"https:\/\/www.antibullfighting.org\/fr\/?s={search_term_string}"},"query-input":{"@type":"PropertyValueSpecification","valueRequired":true,"valueName":"search_term_string"}}],"inLanguage":"fr-FR"}]}},"_links":{"self":[{"href":"https:\/\/www.antibullfighting.org\/fr\/wp-json\/wp\/v2\/pages\/832","targetHints":{"allow":["GET"]}}],"collection":[{"href":"https:\/\/www.antibullfighting.org\/fr\/wp-json\/wp\/v2\/pages"}],"about":[{"href":"https:\/\/www.antibullfighting.org\/fr\/wp-json\/wp\/v2\/types\/page"}],"author":[{"embeddable":true,"href":"https:\/\/www.antibullfighting.org\/fr\/wp-json\/wp\/v2\/users\/3"}],"replies":[{"embeddable":true,"href":"https:\/\/www.antibullfighting.org\/fr\/wp-json\/wp\/v2\/comments?post=832"}],"version-history":[{"count":4,"href":"https:\/\/www.antibullfighting.org\/fr\/wp-json\/wp\/v2\/pages\/832\/revisions"}],"predecessor-version":[{"id":951,"href":"https:\/\/www.antibullfighting.org\/fr\/wp-json\/wp\/v2\/pages\/832\/revisions\/951"}],"up":[{"embeddable":true,"href":"https:\/\/www.antibullfighting.org\/fr\/wp-json\/wp\/v2\/pages\/193"}],"wp:featuredmedia":[{"embeddable":true,"href":"https:\/\/www.antibullfighting.org\/fr\/wp-json\/wp\/v2\/media\/397"}],"wp:attachment":[{"href":"https:\/\/www.antibullfighting.org\/fr\/wp-json\/wp\/v2\/media?parent=832"}],"curies":[{"name":"wp","href":"https:\/\/api.w.org\/{rel}","templated":true}]}}