{"id":69,"date":"2023-09-01T07:58:18","date_gmt":"2023-09-01T07:58:18","guid":{"rendered":"https:\/\/www.antibullfighting.org\/about-the-network\/"},"modified":"2024-10-23T11:54:09","modified_gmt":"2024-10-23T11:54:09","slug":"a-propos-du-reseau","status":"publish","type":"page","link":"https:\/\/www.antibullfighting.org\/fr\/a-propos-du-reseau\/","title":{"rendered":"\u00c0 propos du r\u00e9seau"},"content":{"rendered":"<p><strong>Le R\u00e9seau International Antitauromachie (ci-apr\u00e8s, le R\u00e9seau) est un r\u00e9seau mondial pour l&rsquo;abolition de la corrida sous toutes ses formes et manifestations. Le terme \u00ab corrida \u00bb d\u00e9signe : toute activit\u00e9 (y compris les festivals) au cours de laquelle des taureaux\/vaches sont stress\u00e9s, \u00e9puis\u00e9s, bless\u00e9s et\/ou tu\u00e9s \u00e0 des fins sportives, de divertissement ou de c\u00e9l\u00e9bration. Des corridas et des spectacles de taureaux ont lieu en Espagne, au Portugal, en France, au Mexique, en Colombie, en \u00c9quateur, au P\u00e9rou et au Venezuela. Dans des pays comme le Costa Rica et le Paraguay, des spectacles cruels similaires ont lieu.<\/strong><\/p>\n<div id=\"attachment_82\" style=\"width: 570px\" class=\"wp-caption alignnone\"><img loading=\"lazy\" decoding=\"async\" aria-describedby=\"caption-attachment-82\" class=\"wp-image-82\" src=\"https:\/\/www.antibullfighting.org\/wp-content\/uploads\/2024\/03\/Vlaggen-groot-scaled.jpg\" alt=\"\" width=\"560\" height=\"285\" srcset=\"https:\/\/www.antibullfighting.org\/wp-content\/uploads\/2024\/03\/Vlaggen-groot-scaled.jpg 2560w, https:\/\/www.antibullfighting.org\/wp-content\/uploads\/2024\/03\/Vlaggen-groot-300x153.jpg 300w, https:\/\/www.antibullfighting.org\/wp-content\/uploads\/2024\/03\/Vlaggen-groot-1024x522.jpg 1024w, https:\/\/www.antibullfighting.org\/wp-content\/uploads\/2024\/03\/Vlaggen-groot-768x391.jpg 768w, https:\/\/www.antibullfighting.org\/wp-content\/uploads\/2024\/03\/Vlaggen-groot-1536x783.jpg 1536w, https:\/\/www.antibullfighting.org\/wp-content\/uploads\/2024\/03\/Vlaggen-groot-2048x1044.jpg 2048w\" sizes=\"auto, (max-width: 560px) 100vw, 560px\" \/><p id=\"caption-attachment-82\" class=\"wp-caption-text\">Membres du R\u00e9seau \u00e0 Rivas Vaciamadrid (Espagne), novembre 2023 | Photo : R\u00e9seau International Antitauromachie<\/p><\/div>\n<p>Le R\u00e9seau comprend plus de 60 organisations dans 12 pays, \u00e0 savoir: l&rsquo;Espagne, le Portugal, la France, le Mexique, le Venezuela, la Colombie, l&rsquo;\u00c9quateur, le P\u00e9rou, le Costa Rica, l&rsquo;Allemagne, les Pays-Bas, les \u00c9tats-Unis, le Royaume-Uni, l&rsquo;Irlande, la Suisse, etc. Parmi eux, il existe plusieurs organisations internationales comptant des centaines de milliers de membres et de sympathisants. En fait, le R\u00e9seau est repr\u00e9sent\u00e9 par des millions de sympathisants. Le R\u00e9seau International Antitauromachie existe depuis 2007.<\/p>\n<p>Le R\u00e9seau sert \u00e0 stimuler et \u00e0 faciliter la coop\u00e9ration et le partage des connaissances entre ses membres. Il sert \u00e0 fournir un large soutien international aux campagnes locales et \u00e0 lancer et ex\u00e9cuter des campagnes conjointes. Chaque ann\u00e9e, le R\u00e9seau se r\u00e9unit lors de son Sommet International Antitauromachie.<\/p>\n","protected":false},"excerpt":{"rendered":"<p>Le R\u00e9seau International Antitauromachie (ci-apr\u00e8s, le R\u00e9seau) est un r\u00e9seau mondial pour l&rsquo;abolition de la corrida sous toutes ses formes et manifestations. Le terme \u00ab corrida \u00bb d\u00e9signe : toute activit\u00e9 (y compris les festivals) au cours de laquelle des taureaux\/vaches sont stress\u00e9s, \u00e9puis\u00e9s, bless\u00e9s et\/ou tu\u00e9s \u00e0 des fins sportives, de divertissement ou de&#8230;<\/p>\n","protected":false},"author":1,"featured_media":0,"parent":0,"menu_order":0,"comment_status":"closed","ping_status":"closed","template":"","meta":{"_acf_changed":false,"footnotes":""},"class_list":["post-69","page","type-page","status-publish","hentry"],"acf":[],"yoast_head":"<!-- This site is optimized with the Yoast SEO plugin v27.3 - https:\/\/yoast.com\/product\/yoast-seo-wordpress\/ -->\n<title>\u00c0 propos du r\u00e9seau - International Network against bullfighting<\/title>\n<meta name=\"robots\" content=\"index, follow, max-snippet:-1, max-image-preview:large, max-video-preview:-1\" \/>\n<link rel=\"canonical\" href=\"https:\/\/www.antibullfighting.org\/fr\/a-propos-du-reseau\/\" \/>\n<meta property=\"og:locale\" content=\"fr_FR\" \/>\n<meta property=\"og:type\" content=\"article\" \/>\n<meta property=\"og:title\" content=\"\u00c0 propos du r\u00e9seau - International Network against bullfighting\" \/>\n<meta property=\"og:description\" content=\"Le R\u00e9seau International Antitauromachie (ci-apr\u00e8s, le R\u00e9seau) est un r\u00e9seau mondial pour l&rsquo;abolition de la corrida sous toutes ses formes et manifestations. Le terme \u00ab corrida \u00bb d\u00e9signe : toute activit\u00e9 (y compris les festivals) au cours de laquelle des taureaux\/vaches sont stress\u00e9s, \u00e9puis\u00e9s, bless\u00e9s et\/ou tu\u00e9s \u00e0 des fins sportives, de divertissement ou de...\" \/>\n<meta property=\"og:url\" content=\"https:\/\/www.antibullfighting.org\/fr\/a-propos-du-reseau\/\" \/>\n<meta property=\"og:site_name\" content=\"International Network against bullfighting\" \/>\n<meta property=\"article:modified_time\" content=\"2024-10-23T11:54:09+00:00\" \/>\n<meta property=\"og:image\" content=\"https:\/\/www.antibullfighting.org\/wp-content\/uploads\/2024\/03\/Vlaggen-groot-scaled.jpg\" \/>\n<meta name=\"twitter:card\" content=\"summary_large_image\" \/>\n<meta name=\"twitter:label1\" content=\"Dur\u00e9e de lecture estim\u00e9e\" \/>\n\t<meta name=\"twitter:data1\" content=\"2 minutes\" \/>\n<script type=\"application\/ld+json\" class=\"yoast-schema-graph\">{\"@context\":\"https:\\\/\\\/schema.org\",\"@graph\":[{\"@type\":\"WebPage\",\"@id\":\"https:\\\/\\\/www.antibullfighting.org\\\/fr\\\/a-propos-du-reseau\\\/\",\"url\":\"https:\\\/\\\/www.antibullfighting.org\\\/fr\\\/a-propos-du-reseau\\\/\",\"name\":\"\u00c0 propos du r\u00e9seau - International Network against bullfighting\",\"isPartOf\":{\"@id\":\"https:\\\/\\\/www.antibullfighting.org\\\/fr\\\/#website\"},\"primaryImageOfPage\":{\"@id\":\"https:\\\/\\\/www.antibullfighting.org\\\/fr\\\/a-propos-du-reseau\\\/#primaryimage\"},\"image\":{\"@id\":\"https:\\\/\\\/www.antibullfighting.org\\\/fr\\\/a-propos-du-reseau\\\/#primaryimage\"},\"thumbnailUrl\":\"https:\\\/\\\/www.antibullfighting.org\\\/wp-content\\\/uploads\\\/2024\\\/03\\\/Vlaggen-groot-scaled.jpg\",\"datePublished\":\"2023-09-01T07:58:18+00:00\",\"dateModified\":\"2024-10-23T11:54:09+00:00\",\"breadcrumb\":{\"@id\":\"https:\\\/\\\/www.antibullfighting.org\\\/fr\\\/a-propos-du-reseau\\\/#breadcrumb\"},\"inLanguage\":\"fr-FR\",\"potentialAction\":[{\"@type\":\"ReadAction\",\"target\":[\"https:\\\/\\\/www.antibullfighting.org\\\/fr\\\/a-propos-du-reseau\\\/\"]}]},{\"@type\":\"ImageObject\",\"inLanguage\":\"fr-FR\",\"@id\":\"https:\\\/\\\/www.antibullfighting.org\\\/fr\\\/a-propos-du-reseau\\\/#primaryimage\",\"url\":\"https:\\\/\\\/www.antibullfighting.org\\\/wp-content\\\/uploads\\\/2024\\\/03\\\/Vlaggen-groot-scaled.jpg\",\"contentUrl\":\"https:\\\/\\\/www.antibullfighting.org\\\/wp-content\\\/uploads\\\/2024\\\/03\\\/Vlaggen-groot-scaled.jpg\"},{\"@type\":\"BreadcrumbList\",\"@id\":\"https:\\\/\\\/www.antibullfighting.org\\\/fr\\\/a-propos-du-reseau\\\/#breadcrumb\",\"itemListElement\":[{\"@type\":\"ListItem\",\"position\":1,\"name\":\"Home\",\"item\":\"https:\\\/\\\/www.antibullfighting.org\\\/fr\\\/\"},{\"@type\":\"ListItem\",\"position\":2,\"name\":\"\u00c0 propos du r\u00e9seau\"}]},{\"@type\":\"WebSite\",\"@id\":\"https:\\\/\\\/www.antibullfighting.org\\\/fr\\\/#website\",\"url\":\"https:\\\/\\\/www.antibullfighting.org\\\/fr\\\/\",\"name\":\"International Network against bullfighting\",\"description\":\"\",\"potentialAction\":[{\"@type\":\"SearchAction\",\"target\":{\"@type\":\"EntryPoint\",\"urlTemplate\":\"https:\\\/\\\/www.antibullfighting.org\\\/fr\\\/?s={search_term_string}\"},\"query-input\":{\"@type\":\"PropertyValueSpecification\",\"valueRequired\":true,\"valueName\":\"search_term_string\"}}],\"inLanguage\":\"fr-FR\"}]}<\/script>\n<!-- \/ Yoast SEO plugin. -->","yoast_head_json":{"title":"\u00c0 propos du r\u00e9seau - International Network against bullfighting","robots":{"index":"index","follow":"follow","max-snippet":"max-snippet:-1","max-image-preview":"max-image-preview:large","max-video-preview":"max-video-preview:-1"},"canonical":"https:\/\/www.antibullfighting.org\/fr\/a-propos-du-reseau\/","og_locale":"fr_FR","og_type":"article","og_title":"\u00c0 propos du r\u00e9seau - International Network against bullfighting","og_description":"Le R\u00e9seau International Antitauromachie (ci-apr\u00e8s, le R\u00e9seau) est un r\u00e9seau mondial pour l&rsquo;abolition de la corrida sous toutes ses formes et manifestations. Le terme \u00ab corrida \u00bb d\u00e9signe : toute activit\u00e9 (y compris les festivals) au cours de laquelle des taureaux\/vaches sont stress\u00e9s, \u00e9puis\u00e9s, bless\u00e9s et\/ou tu\u00e9s \u00e0 des fins sportives, de divertissement ou de...","og_url":"https:\/\/www.antibullfighting.org\/fr\/a-propos-du-reseau\/","og_site_name":"International Network against bullfighting","article_modified_time":"2024-10-23T11:54:09+00:00","og_image":[{"url":"https:\/\/www.antibullfighting.org\/wp-content\/uploads\/2024\/03\/Vlaggen-groot-scaled.jpg","type":"","width":"","height":""}],"twitter_card":"summary_large_image","twitter_misc":{"Dur\u00e9e de lecture estim\u00e9e":"2 minutes"},"schema":{"@context":"https:\/\/schema.org","@graph":[{"@type":"WebPage","@id":"https:\/\/www.antibullfighting.org\/fr\/a-propos-du-reseau\/","url":"https:\/\/www.antibullfighting.org\/fr\/a-propos-du-reseau\/","name":"\u00c0 propos du r\u00e9seau - International Network against bullfighting","isPartOf":{"@id":"https:\/\/www.antibullfighting.org\/fr\/#website"},"primaryImageOfPage":{"@id":"https:\/\/www.antibullfighting.org\/fr\/a-propos-du-reseau\/#primaryimage"},"image":{"@id":"https:\/\/www.antibullfighting.org\/fr\/a-propos-du-reseau\/#primaryimage"},"thumbnailUrl":"https:\/\/www.antibullfighting.org\/wp-content\/uploads\/2024\/03\/Vlaggen-groot-scaled.jpg","datePublished":"2023-09-01T07:58:18+00:00","dateModified":"2024-10-23T11:54:09+00:00","breadcrumb":{"@id":"https:\/\/www.antibullfighting.org\/fr\/a-propos-du-reseau\/#breadcrumb"},"inLanguage":"fr-FR","potentialAction":[{"@type":"ReadAction","target":["https:\/\/www.antibullfighting.org\/fr\/a-propos-du-reseau\/"]}]},{"@type":"ImageObject","inLanguage":"fr-FR","@id":"https:\/\/www.antibullfighting.org\/fr\/a-propos-du-reseau\/#primaryimage","url":"https:\/\/www.antibullfighting.org\/wp-content\/uploads\/2024\/03\/Vlaggen-groot-scaled.jpg","contentUrl":"https:\/\/www.antibullfighting.org\/wp-content\/uploads\/2024\/03\/Vlaggen-groot-scaled.jpg"},{"@type":"BreadcrumbList","@id":"https:\/\/www.antibullfighting.org\/fr\/a-propos-du-reseau\/#breadcrumb","itemListElement":[{"@type":"ListItem","position":1,"name":"Home","item":"https:\/\/www.antibullfighting.org\/fr\/"},{"@type":"ListItem","position":2,"name":"\u00c0 propos du r\u00e9seau"}]},{"@type":"WebSite","@id":"https:\/\/www.antibullfighting.org\/fr\/#website","url":"https:\/\/www.antibullfighting.org\/fr\/","name":"International Network against bullfighting","description":"","potentialAction":[{"@type":"SearchAction","target":{"@type":"EntryPoint","urlTemplate":"https:\/\/www.antibullfighting.org\/fr\/?s={search_term_string}"},"query-input":{"@type":"PropertyValueSpecification","valueRequired":true,"valueName":"search_term_string"}}],"inLanguage":"fr-FR"}]}},"_links":{"self":[{"href":"https:\/\/www.antibullfighting.org\/fr\/wp-json\/wp\/v2\/pages\/69","targetHints":{"allow":["GET"]}}],"collection":[{"href":"https:\/\/www.antibullfighting.org\/fr\/wp-json\/wp\/v2\/pages"}],"about":[{"href":"https:\/\/www.antibullfighting.org\/fr\/wp-json\/wp\/v2\/types\/page"}],"author":[{"embeddable":true,"href":"https:\/\/www.antibullfighting.org\/fr\/wp-json\/wp\/v2\/users\/1"}],"replies":[{"embeddable":true,"href":"https:\/\/www.antibullfighting.org\/fr\/wp-json\/wp\/v2\/comments?post=69"}],"version-history":[{"count":17,"href":"https:\/\/www.antibullfighting.org\/fr\/wp-json\/wp\/v2\/pages\/69\/revisions"}],"predecessor-version":[{"id":960,"href":"https:\/\/www.antibullfighting.org\/fr\/wp-json\/wp\/v2\/pages\/69\/revisions\/960"}],"wp:attachment":[{"href":"https:\/\/www.antibullfighting.org\/fr\/wp-json\/wp\/v2\/media?parent=69"}],"curies":[{"name":"wp","href":"https:\/\/api.w.org\/{rel}","templated":true}]}}