{"id":193,"date":"2024-03-25T10:06:14","date_gmt":"2024-03-25T10:06:14","guid":{"rendered":"https:\/\/www.antibullfighting.org\/manifest\/"},"modified":"2024-10-08T13:55:08","modified_gmt":"2024-10-08T13:55:08","slug":"manifest","status":"publish","type":"page","link":"https:\/\/www.antibullfighting.org\/fr\/manifest\/","title":{"rendered":"Manifeste contre la corrida"},"content":{"rendered":"<p>La corrida existe toujours dans huit pays, dont trois dans l&rsquo;UE et cinq en Am\u00e9rique latine. En outre, les\u00a0 &lt;&lt; festivals taurins &gt;&gt; (f\u00eates folkloriques et f\u00eates patronales) ont lieu dans diff\u00e9rents pays du monde au cours desquels taureaux, vaches et veaux souffrent beaucoup. Les corridas et les festivals taurins causent beaucoup de souffrance aux animaux et les taureaux ne survivent pas aux affrontements. C&rsquo;est un combat injuste dans lequel le taureau perd toujours et est tu\u00e9, lentement et douloureusement. <span class=\"OYPEnA text-decoration-none text-strikethrough-none\">Ensemble, nous pouvons arr\u00eater cela ! En d\u00e9non\u00e7ant collectivement les corridas et les festivals taurins et en refusant de soutenir ou de promouvoir ces activit\u00e9s de quelque mani\u00e8re que ce soit, d\u2019une mani\u00e8re ou d\u2019une autre, ces traditions m\u00e9di\u00e9vales finiront par prendre fin.\u00a0<\/span><\/p>\n<p><strong>Nous demandons aux hommes politiques (dont les d\u00e9put\u00e9s europ\u00e9ens), aux agences de voyage, aux entreprises et aux particuliers tels que les artistes, les scientifiques et les sportifs de signer le manifeste.<\/strong> En signant le manifeste, vous d\u00e9clarez ce qui suit.<\/p>\n<p><strong>Je m&rsquo;\u00e9l\u00e8ve contre la corrida<\/strong><br \/>\nJe d\u00e9clare ne pas mener ou promouvoir des activit\u00e9s qui encouragent ou maintiennent les corridas ou les festivals taurins. Cela signifie que je ne vais pas aux corridas ni aux festivals taurins, que je ne visite pas les mus\u00e9es taurins ou les ar\u00e8nes actives, que je ne fais pas d&rsquo;excursions dans les \u00e9levages de taureaux et que je d\u00e9nonce activement la corrida lorsque cela est possible et appropri\u00e9. Je suis favorable \u00e0 l&rsquo;interdiction des corridas et des festivals taurins.<\/p>\n<p><strong>Engagement sp\u00e9cial pour les agences de voyages<br \/>\n<\/strong>En tant qu&rsquo;organisateur de voyages, je ne propose pas d&rsquo;excursions li\u00e9es aux corridas, festivals, mus\u00e9es taurins, ar\u00e8nes actives et \u00e9levages de taureaux. J&rsquo;informe \u00e9galement les touristes qui se renseignent sur ce type d&rsquo;excursions au sujet de la souffrance animale impliqu\u00e9e.<\/p>\n<p><strong>Engagement sp\u00e9cial pour les d\u00e9put\u00e9s europ\u00e9ens et autres politiciens<br \/>\n<\/strong>En tant que d\u00e9put\u00e9 europ\u00e9en ou autre personnalit\u00e9 politique, je m&rsquo;engage \u00e0 garantir que:<\/p>\n<ul>\n<li>Les animaux et leur bien-\u00eatre sont \u00e9galement pris au s\u00e9rieux dans le contexte de la culture, de la tradition, des sports et des divertissements. L&rsquo;utilisation d&rsquo;animaux devrait \u00eatre interdite lorsqu&rsquo;un bien-\u00eatre animal correct ne peut \u00eatre garanti.<\/li>\n<li>Lors de la modification des trait\u00e9s europ\u00e9ens, l&rsquo;article 13 du trait\u00e9 sur le fonctionnement de l&rsquo;Union europ\u00e9enne doit \u00eatre modifi\u00e9 pour pr\u00e9ciser clairement que le bien-\u00eatre animal doit \u00eatre \u00e9galement pris en compte dans le contexte de la culture, de la tradition et de la religion.<\/li>\n<li>Les corridas et \u00e9v\u00e9nements similaires sont interdits.<\/li>\n<li>Les enfants doivent \u00eatre prot\u00e9g\u00e9s contre la violence des corridas, comme l&rsquo;a d\u00e9j\u00e0 demand\u00e9 l&rsquo;ONU aux pays taurins depuis 2014. Cela signifie qu&rsquo;un \u00e2ge minimum de 18 ans sera requis pour pouvoir assister \u00e0 des corridas et \u00e0 des \u00e9v\u00e9nements similaires. Les \u00e9coles de tauromachie doivent \u00eatre ferm\u00e9es.<\/li>\n<li>Dans le cadre de la nouvelle politique agricole commune (\u00e0 partir de 2028), plus aucune subvention ne sera accord\u00e9e aux \u00e9leveurs de taureaux et de vaches destin\u00e9s aux corridas et aux f\u00eates taurines.<\/li>\n<li>La viande des taureaux et des vaches tu\u00e9s pendant ou apr\u00e8s une corrida ne devrait plus \u00eatre offerte \u00e0 la consommation humaine ou autrement commercialis\u00e9e au sein de l&rsquo;Union europ\u00e9enne.<\/li>\n<\/ul>\n<p>Le manifeste peut \u00eatre t\u00e9l\u00e9charg\u00e9 et lu dans les langues suivantes:<\/p>\n<ul>\n<li><a href=\"https:\/\/www.antibullfighting.org\/wp-content\/uploads\/2024\/10\/Manifesto-against-bullfighting-ENG.pdf\">Anglais<\/a><\/li>\n<li><a href=\"https:\/\/www.antibullfighting.org\/wp-content\/uploads\/2024\/10\/Manifeste-contre-la-corrida-FR.pdf\">Fran\u00e7ais<\/a><\/li>\n<li><a href=\"https:\/\/www.antibullfighting.org\/wp-content\/uploads\/2024\/10\/Manifiesto-contra-la-tauromaquia-ES.pdf\">Espagnol<\/a><\/li>\n<li><a href=\"https:\/\/www.antibullfighting.org\/wp-content\/uploads\/2024\/10\/Manifesto-contra-a-tauromaquia-PO.pdf\">Portugais<\/a><\/li>\n<li><a href=\"https:\/\/www.antibullfighting.org\/wp-content\/uploads\/2024\/10\/Manifest-tegen-stierenvechten-NL.pdf\">N\u00e9erlandais<\/a><\/li>\n<\/ul>\n<p>Vous \u00eates d\u00e9put\u00e9 europ\u00e9en, autre homme politique, agence de voyage, repr\u00e9sentant d&rsquo;une entreprise ou sportif individuel, artiste ou scientifique et vous souhaitez signer le manifeste ? Veuillez envoyer un e-mail \u00e0 <a href=\"mailto:info@cas-international.org\">info@cas-international.org<\/a>. Veuillez indiquer votre nom, votre fonction, votre organisation\/parti politique et votre pays.<\/p>\n","protected":false},"excerpt":{"rendered":"<p>La corrida existe toujours dans huit pays, dont trois dans l&rsquo;UE et cinq en Am\u00e9rique latine. En outre, les\u00a0 &lt;&lt; festivals taurins &gt;&gt; (f\u00eates folkloriques et f\u00eates patronales) ont lieu dans diff\u00e9rents pays du monde au cours desquels taureaux, vaches et veaux souffrent beaucoup. Les corridas et les festivals taurins causent beaucoup de souffrance aux&#8230;<\/p>\n","protected":false},"author":2,"featured_media":397,"parent":0,"menu_order":0,"comment_status":"closed","ping_status":"closed","template":"manifest.php","meta":{"_acf_changed":false,"footnotes":""},"class_list":["post-193","page","type-page","status-publish","has-post-thumbnail","hentry"],"acf":[],"yoast_head":"<!-- This site is optimized with the Yoast SEO plugin v27.5 - https:\/\/yoast.com\/product\/yoast-seo-wordpress\/ -->\n<title>Manifeste contre la corrida - International Network against bullfighting<\/title>\n<meta name=\"robots\" content=\"index, follow, max-snippet:-1, max-image-preview:large, max-video-preview:-1\" \/>\n<link rel=\"canonical\" href=\"https:\/\/www.antibullfighting.org\/fr\/manifest\/\" \/>\n<meta property=\"og:locale\" content=\"fr_FR\" \/>\n<meta property=\"og:type\" content=\"article\" \/>\n<meta property=\"og:title\" content=\"Manifeste contre la corrida - International Network against bullfighting\" \/>\n<meta property=\"og:description\" content=\"La corrida existe toujours dans huit pays, dont trois dans l&rsquo;UE et cinq en Am\u00e9rique latine. En outre, les\u00a0 &lt;&lt; festivals taurins &gt;&gt; (f\u00eates folkloriques et f\u00eates patronales) ont lieu dans diff\u00e9rents pays du monde au cours desquels taureaux, vaches et veaux souffrent beaucoup. Les corridas et les festivals taurins causent beaucoup de souffrance aux...\" \/>\n<meta property=\"og:url\" content=\"https:\/\/www.antibullfighting.org\/fr\/manifest\/\" \/>\n<meta property=\"og:site_name\" content=\"International Network against bullfighting\" \/>\n<meta property=\"article:modified_time\" content=\"2024-10-08T13:55:08+00:00\" \/>\n<meta property=\"og:image\" content=\"https:\/\/www.antibullfighting.org\/wp-content\/uploads\/2024\/04\/DSC_3874-1024x682.jpg\" \/>\n\t<meta property=\"og:image:width\" content=\"1024\" \/>\n\t<meta property=\"og:image:height\" content=\"682\" \/>\n\t<meta property=\"og:image:type\" content=\"image\/jpeg\" \/>\n<meta name=\"twitter:card\" content=\"summary_large_image\" \/>\n<meta name=\"twitter:label1\" content=\"Dur\u00e9e de lecture estim\u00e9e\" \/>\n\t<meta name=\"twitter:data1\" content=\"3 minutes\" \/>\n<script type=\"application\/ld+json\" class=\"yoast-schema-graph\">{\"@context\":\"https:\\\/\\\/schema.org\",\"@graph\":[{\"@type\":\"WebPage\",\"@id\":\"https:\\\/\\\/www.antibullfighting.org\\\/fr\\\/manifest\\\/\",\"url\":\"https:\\\/\\\/www.antibullfighting.org\\\/fr\\\/manifest\\\/\",\"name\":\"Manifeste contre la corrida - International Network against bullfighting\",\"isPartOf\":{\"@id\":\"https:\\\/\\\/www.antibullfighting.org\\\/fr\\\/#website\"},\"primaryImageOfPage\":{\"@id\":\"https:\\\/\\\/www.antibullfighting.org\\\/fr\\\/manifest\\\/#primaryimage\"},\"image\":{\"@id\":\"https:\\\/\\\/www.antibullfighting.org\\\/fr\\\/manifest\\\/#primaryimage\"},\"thumbnailUrl\":\"https:\\\/\\\/www.antibullfighting.org\\\/wp-content\\\/uploads\\\/2024\\\/04\\\/DSC_3874-e1712153549396.jpg\",\"datePublished\":\"2024-03-25T10:06:14+00:00\",\"dateModified\":\"2024-10-08T13:55:08+00:00\",\"breadcrumb\":{\"@id\":\"https:\\\/\\\/www.antibullfighting.org\\\/fr\\\/manifest\\\/#breadcrumb\"},\"inLanguage\":\"fr-FR\",\"potentialAction\":[{\"@type\":\"ReadAction\",\"target\":[\"https:\\\/\\\/www.antibullfighting.org\\\/fr\\\/manifest\\\/\"]}]},{\"@type\":\"ImageObject\",\"inLanguage\":\"fr-FR\",\"@id\":\"https:\\\/\\\/www.antibullfighting.org\\\/fr\\\/manifest\\\/#primaryimage\",\"url\":\"https:\\\/\\\/www.antibullfighting.org\\\/wp-content\\\/uploads\\\/2024\\\/04\\\/DSC_3874-e1712153549396.jpg\",\"contentUrl\":\"https:\\\/\\\/www.antibullfighting.org\\\/wp-content\\\/uploads\\\/2024\\\/04\\\/DSC_3874-e1712153549396.jpg\",\"width\":2000,\"height\":1333,\"caption\":\"Prohibici\u00f3n de instrumentos de tortura en corridas de toros en Ciudad de M\u00e9xico\"},{\"@type\":\"BreadcrumbList\",\"@id\":\"https:\\\/\\\/www.antibullfighting.org\\\/fr\\\/manifest\\\/#breadcrumb\",\"itemListElement\":[{\"@type\":\"ListItem\",\"position\":1,\"name\":\"Home\",\"item\":\"https:\\\/\\\/www.antibullfighting.org\\\/fr\\\/\"},{\"@type\":\"ListItem\",\"position\":2,\"name\":\"Manifeste contre la corrida\"}]},{\"@type\":\"WebSite\",\"@id\":\"https:\\\/\\\/www.antibullfighting.org\\\/fr\\\/#website\",\"url\":\"https:\\\/\\\/www.antibullfighting.org\\\/fr\\\/\",\"name\":\"International Network against bullfighting\",\"description\":\"\",\"potentialAction\":[{\"@type\":\"SearchAction\",\"target\":{\"@type\":\"EntryPoint\",\"urlTemplate\":\"https:\\\/\\\/www.antibullfighting.org\\\/fr\\\/?s={search_term_string}\"},\"query-input\":{\"@type\":\"PropertyValueSpecification\",\"valueRequired\":true,\"valueName\":\"search_term_string\"}}],\"inLanguage\":\"fr-FR\"}]}<\/script>\n<!-- \/ Yoast SEO plugin. -->","yoast_head_json":{"title":"Manifeste contre la corrida - International Network against bullfighting","robots":{"index":"index","follow":"follow","max-snippet":"max-snippet:-1","max-image-preview":"max-image-preview:large","max-video-preview":"max-video-preview:-1"},"canonical":"https:\/\/www.antibullfighting.org\/fr\/manifest\/","og_locale":"fr_FR","og_type":"article","og_title":"Manifeste contre la corrida - International Network against bullfighting","og_description":"La corrida existe toujours dans huit pays, dont trois dans l&rsquo;UE et cinq en Am\u00e9rique latine. En outre, les\u00a0 &lt;&lt; festivals taurins &gt;&gt; (f\u00eates folkloriques et f\u00eates patronales) ont lieu dans diff\u00e9rents pays du monde au cours desquels taureaux, vaches et veaux souffrent beaucoup. Les corridas et les festivals taurins causent beaucoup de souffrance aux...","og_url":"https:\/\/www.antibullfighting.org\/fr\/manifest\/","og_site_name":"International Network against bullfighting","article_modified_time":"2024-10-08T13:55:08+00:00","og_image":[{"width":1024,"height":682,"url":"https:\/\/www.antibullfighting.org\/wp-content\/uploads\/2024\/04\/DSC_3874-1024x682.jpg","type":"image\/jpeg"}],"twitter_card":"summary_large_image","twitter_misc":{"Dur\u00e9e de lecture estim\u00e9e":"3 minutes"},"schema":{"@context":"https:\/\/schema.org","@graph":[{"@type":"WebPage","@id":"https:\/\/www.antibullfighting.org\/fr\/manifest\/","url":"https:\/\/www.antibullfighting.org\/fr\/manifest\/","name":"Manifeste contre la corrida - International Network against bullfighting","isPartOf":{"@id":"https:\/\/www.antibullfighting.org\/fr\/#website"},"primaryImageOfPage":{"@id":"https:\/\/www.antibullfighting.org\/fr\/manifest\/#primaryimage"},"image":{"@id":"https:\/\/www.antibullfighting.org\/fr\/manifest\/#primaryimage"},"thumbnailUrl":"https:\/\/www.antibullfighting.org\/wp-content\/uploads\/2024\/04\/DSC_3874-e1712153549396.jpg","datePublished":"2024-03-25T10:06:14+00:00","dateModified":"2024-10-08T13:55:08+00:00","breadcrumb":{"@id":"https:\/\/www.antibullfighting.org\/fr\/manifest\/#breadcrumb"},"inLanguage":"fr-FR","potentialAction":[{"@type":"ReadAction","target":["https:\/\/www.antibullfighting.org\/fr\/manifest\/"]}]},{"@type":"ImageObject","inLanguage":"fr-FR","@id":"https:\/\/www.antibullfighting.org\/fr\/manifest\/#primaryimage","url":"https:\/\/www.antibullfighting.org\/wp-content\/uploads\/2024\/04\/DSC_3874-e1712153549396.jpg","contentUrl":"https:\/\/www.antibullfighting.org\/wp-content\/uploads\/2024\/04\/DSC_3874-e1712153549396.jpg","width":2000,"height":1333,"caption":"Prohibici\u00f3n de instrumentos de tortura en corridas de toros en Ciudad de M\u00e9xico"},{"@type":"BreadcrumbList","@id":"https:\/\/www.antibullfighting.org\/fr\/manifest\/#breadcrumb","itemListElement":[{"@type":"ListItem","position":1,"name":"Home","item":"https:\/\/www.antibullfighting.org\/fr\/"},{"@type":"ListItem","position":2,"name":"Manifeste contre la corrida"}]},{"@type":"WebSite","@id":"https:\/\/www.antibullfighting.org\/fr\/#website","url":"https:\/\/www.antibullfighting.org\/fr\/","name":"International Network against bullfighting","description":"","potentialAction":[{"@type":"SearchAction","target":{"@type":"EntryPoint","urlTemplate":"https:\/\/www.antibullfighting.org\/fr\/?s={search_term_string}"},"query-input":{"@type":"PropertyValueSpecification","valueRequired":true,"valueName":"search_term_string"}}],"inLanguage":"fr-FR"}]}},"_links":{"self":[{"href":"https:\/\/www.antibullfighting.org\/fr\/wp-json\/wp\/v2\/pages\/193","targetHints":{"allow":["GET"]}}],"collection":[{"href":"https:\/\/www.antibullfighting.org\/fr\/wp-json\/wp\/v2\/pages"}],"about":[{"href":"https:\/\/www.antibullfighting.org\/fr\/wp-json\/wp\/v2\/types\/page"}],"author":[{"embeddable":true,"href":"https:\/\/www.antibullfighting.org\/fr\/wp-json\/wp\/v2\/users\/2"}],"replies":[{"embeddable":true,"href":"https:\/\/www.antibullfighting.org\/fr\/wp-json\/wp\/v2\/comments?post=193"}],"version-history":[{"count":45,"href":"https:\/\/www.antibullfighting.org\/fr\/wp-json\/wp\/v2\/pages\/193\/revisions"}],"predecessor-version":[{"id":943,"href":"https:\/\/www.antibullfighting.org\/fr\/wp-json\/wp\/v2\/pages\/193\/revisions\/943"}],"wp:featuredmedia":[{"embeddable":true,"href":"https:\/\/www.antibullfighting.org\/fr\/wp-json\/wp\/v2\/media\/397"}],"wp:attachment":[{"href":"https:\/\/www.antibullfighting.org\/fr\/wp-json\/wp\/v2\/media?parent=193"}],"curies":[{"name":"wp","href":"https:\/\/api.w.org\/{rel}","templated":true}]}}