{"id":191,"date":"2024-03-25T08:30:47","date_gmt":"2024-03-25T08:30:47","guid":{"rendered":"https:\/\/www.antibullfighting.org\/successes-of-the-network\/"},"modified":"2024-05-13T17:03:32","modified_gmt":"2024-05-13T17:03:32","slug":"succes-reseau","status":"publish","type":"page","link":"https:\/\/www.antibullfighting.org\/fr\/succes-reseau\/","title":{"rendered":"Les succ\u00e8s du r\u00e9seau"},"content":{"rendered":"<p>Les organisations du R\u00e9seau ont obtenu de nombreux succ\u00e8s, notamment\u00a0:<\/p>\n<p><strong>Succ\u00e8s g\u00e9n\u00e9raux<\/strong><\/p>\n<ul>\n<li>Le rejet croissant de la soci\u00e9t\u00e9 de la cruaut\u00e9 de la corrida, refl\u00e9t\u00e9 dans chacune des enqu\u00eates r\u00e9alis\u00e9es dans les pays taurins. Selon un sondage r\u00e9alis\u00e9 par le journal <a href=\"https:\/\/www.reforma.com\/\" target=\"_blank\" rel=\"noopener\">Reforma Diaro<\/a> (2022), 73% des Mexicains consid\u00e8rent la corrida comme une cruaut\u00e9 envers les animaux. Un sondage r\u00e9alis\u00e9 par <a href=\"https:\/\/www.datexco.com\/\" target=\"_blank\" rel=\"noopener\">Datexco<\/a> (2022) montre que 85% des Colombiens sont d&rsquo;accord avec l&rsquo;interdiction de la corrida. En France, un sondage <a href=\"https:\/\/www.ifop.com\/wp-content\/uploads\/2022\/02\/118840-Resultats.pdf\" target=\"_blank\" rel=\"noopener\">IFOP<\/a> (2022) montre que 87% des Fran\u00e7ais sont contre la corrida. Et huit Espagnols sur dix s\u2019y opposent \u00e9galement, selon une enqu\u00eate de la <a href=\"https:\/\/www.fbbva.es\/en\/\" target=\"_blank\" rel=\"noopener\">Fondation BBVA<\/a> (2022).<\/li>\n<li>Dans les huit pays, le nombre de corridas diminue. Par exemple, en France, ils ont diminu\u00e9 de 40 % au cours des 20 derni\u00e8res ann\u00e9es. En Espagne, ils ont diminu\u00e9 de 58 % depuis 2007 et en \u00c9quateur de 65 % au cours des 11 derni\u00e8res ann\u00e9es.<\/li>\n<li>La tauromachie est un sujet de discussion dans tous les pays taurins, tant au niveau social que politique.<\/li>\n<li>Interdiction de la corrida en Catalogne, Espagne. Apr\u00e8s que le gouvernement espagnol a abrog\u00e9 l&rsquo;interdiction, plus aucune corrida n&rsquo;a eu lieu en Catalogne depuis 2011.<\/li>\n<li>Interdiction dans plusieurs \u00c9tats, par exemple ces \u00c9tats mexicains ont d\u00e9j\u00e0 interdit la corrida : Coahuila, Sonora, Guerrero, Quintana Roo et Sinaloa.<\/li>\n<li>155 municipalit\u00e9s dans le monde se sont prononc\u00e9es contre la corrida.<\/li>\n<\/ul>\n<p><strong>Enfants<\/strong><\/p>\n<ul>\n<li>Les Nations Unies ont demand\u00e9 au Portugal, \u00e0 la Colombie, au Mexique, au P\u00e9rou, \u00e0 la France, \u00e0 l&rsquo;\u00c9quateur et \u00e0 l&rsquo;Espagne de tenir les mineurs \u00e9loign\u00e9s de la violence de la corrida.<\/li>\n<li>L&rsquo;\u00c9quateur ont interdit la participation aux corridas de mineurs de moins de 18.<\/li>\n<li>Plusieurs \u00c9tats du Venezuela ont interdit l&rsquo;entr\u00e9e des enfants aux corridas (16 ou 12 ans).<\/li>\n<li>La Galice (Espagne) interdit l&rsquo;acc\u00e8s aux corridas aux enfants de moins de 12 ans.<\/li>\n<\/ul>\n<p><strong>Subventions<\/strong><\/p>\n<ul>\n<li>Le Parlement europ\u00e9en a vot\u00e9 en faveur d&rsquo;une interdiction du subventionnement de la tauromachie avec un financement europ\u00e9en.<\/li>\n<li>Dans de plus en plus de municipalit\u00e9s espagnoles, les subventions aux corridas et aux \u00e9coles taurines sont supprim\u00e9es. Ces fonds vont d\u00e9sormais \u00e0 l&rsquo;\u00e9ducation et aux soins de sant\u00e9.<\/li>\n<\/ul>\n<p><strong>Entreprises<\/strong><\/p>\n<ul>\n<li>Plusieurs entreprises, assureurs et banques ont mis fin au sponsoring et \u00e0 la promotion de la tauromachie, comme Mercedes-Benz France, Pernod Ricard, Novotel, la Banque de Suez, le Cr\u00e9dit Agricole et Groupama.<\/li>\n<li>L&rsquo;a\u00e9roport de Shannon en Irlande supprime la r\u00e9f\u00e9rence \u00e0 la corrida de son site Internet.<\/li>\n<li>La prestigieuse association britannique de voyages ABTA a demand\u00e9 \u00e0 des entreprises comme STA Travel de cesser d&rsquo;organiser des voyages pendant les corridas de Pampelune et de mettre un terme \u00e0 la promotion des corridas aupr\u00e8s des touristes.<\/li>\n<li>Les agences de voyages des Pays-Bas et de Belgique ont cess\u00e9 de vendre des voyages comprenant des excursions aux corridas.<\/li>\n<\/ul>\n<p><strong>Exportation de corridas et de f\u00eates avec des taureaux<\/strong><\/p>\n<ul>\n<li>Il a \u00e9t\u00e9 emp\u00each\u00e9 que les corridas soient export\u00e9es vers la Chine, les \u00c9mirats arabes unis, le Costa Rica et l&rsquo;Alg\u00e9rie.<\/li>\n<li>De plus, les courses de taureaux de Pampelune n&rsquo;ont pas pu \u00eatre export\u00e9e vers l&rsquo;Arabie Saoudite, les \u00c9tats-Unis et le Costa Rica.<\/li>\n<\/ul>\n","protected":false},"excerpt":{"rendered":"<p>Les organisations du R\u00e9seau ont obtenu de nombreux succ\u00e8s, notamment\u00a0: Succ\u00e8s g\u00e9n\u00e9raux Le rejet croissant de la soci\u00e9t\u00e9 de la cruaut\u00e9 de la corrida, refl\u00e9t\u00e9 dans chacune des enqu\u00eates r\u00e9alis\u00e9es dans les pays taurins. Selon un sondage r\u00e9alis\u00e9 par le journal Reforma Diaro (2022), 73% des Mexicains consid\u00e8rent la corrida comme une cruaut\u00e9 envers les&#8230;<\/p>\n","protected":false},"author":2,"featured_media":0,"parent":0,"menu_order":0,"comment_status":"closed","ping_status":"closed","template":"","meta":{"_acf_changed":false,"footnotes":""},"class_list":["post-191","page","type-page","status-publish","hentry"],"acf":[],"yoast_head":"<!-- This site is optimized with the Yoast SEO plugin v27.5 - https:\/\/yoast.com\/product\/yoast-seo-wordpress\/ -->\n<title>Les succ\u00e8s du r\u00e9seau - International Network against bullfighting<\/title>\n<meta name=\"robots\" content=\"index, follow, max-snippet:-1, max-image-preview:large, max-video-preview:-1\" \/>\n<link rel=\"canonical\" href=\"https:\/\/www.antibullfighting.org\/fr\/succes-reseau\/\" \/>\n<meta property=\"og:locale\" content=\"fr_FR\" \/>\n<meta property=\"og:type\" content=\"article\" \/>\n<meta property=\"og:title\" content=\"Les succ\u00e8s du r\u00e9seau - International Network against bullfighting\" \/>\n<meta property=\"og:description\" content=\"Les organisations du R\u00e9seau ont obtenu de nombreux succ\u00e8s, notamment\u00a0: Succ\u00e8s g\u00e9n\u00e9raux Le rejet croissant de la soci\u00e9t\u00e9 de la cruaut\u00e9 de la corrida, refl\u00e9t\u00e9 dans chacune des enqu\u00eates r\u00e9alis\u00e9es dans les pays taurins. Selon un sondage r\u00e9alis\u00e9 par le journal Reforma Diaro (2022), 73% des Mexicains consid\u00e8rent la corrida comme une cruaut\u00e9 envers les...\" \/>\n<meta property=\"og:url\" content=\"https:\/\/www.antibullfighting.org\/fr\/succes-reseau\/\" \/>\n<meta property=\"og:site_name\" content=\"International Network against bullfighting\" \/>\n<meta property=\"article:modified_time\" content=\"2024-05-13T17:03:32+00:00\" \/>\n<meta name=\"twitter:card\" content=\"summary_large_image\" \/>\n<meta name=\"twitter:label1\" content=\"Dur\u00e9e de lecture estim\u00e9e\" \/>\n\t<meta name=\"twitter:data1\" content=\"3 minutes\" \/>\n<script type=\"application\/ld+json\" class=\"yoast-schema-graph\">{\"@context\":\"https:\\\/\\\/schema.org\",\"@graph\":[{\"@type\":\"WebPage\",\"@id\":\"https:\\\/\\\/www.antibullfighting.org\\\/fr\\\/succes-reseau\\\/\",\"url\":\"https:\\\/\\\/www.antibullfighting.org\\\/fr\\\/succes-reseau\\\/\",\"name\":\"Les succ\u00e8s du r\u00e9seau - International Network against bullfighting\",\"isPartOf\":{\"@id\":\"https:\\\/\\\/www.antibullfighting.org\\\/fr\\\/#website\"},\"datePublished\":\"2024-03-25T08:30:47+00:00\",\"dateModified\":\"2024-05-13T17:03:32+00:00\",\"breadcrumb\":{\"@id\":\"https:\\\/\\\/www.antibullfighting.org\\\/fr\\\/succes-reseau\\\/#breadcrumb\"},\"inLanguage\":\"fr-FR\",\"potentialAction\":[{\"@type\":\"ReadAction\",\"target\":[\"https:\\\/\\\/www.antibullfighting.org\\\/fr\\\/succes-reseau\\\/\"]}]},{\"@type\":\"BreadcrumbList\",\"@id\":\"https:\\\/\\\/www.antibullfighting.org\\\/fr\\\/succes-reseau\\\/#breadcrumb\",\"itemListElement\":[{\"@type\":\"ListItem\",\"position\":1,\"name\":\"Home\",\"item\":\"https:\\\/\\\/www.antibullfighting.org\\\/fr\\\/\"},{\"@type\":\"ListItem\",\"position\":2,\"name\":\"Les succ\u00e8s du r\u00e9seau\"}]},{\"@type\":\"WebSite\",\"@id\":\"https:\\\/\\\/www.antibullfighting.org\\\/fr\\\/#website\",\"url\":\"https:\\\/\\\/www.antibullfighting.org\\\/fr\\\/\",\"name\":\"International Network against bullfighting\",\"description\":\"\",\"potentialAction\":[{\"@type\":\"SearchAction\",\"target\":{\"@type\":\"EntryPoint\",\"urlTemplate\":\"https:\\\/\\\/www.antibullfighting.org\\\/fr\\\/?s={search_term_string}\"},\"query-input\":{\"@type\":\"PropertyValueSpecification\",\"valueRequired\":true,\"valueName\":\"search_term_string\"}}],\"inLanguage\":\"fr-FR\"}]}<\/script>\n<!-- \/ Yoast SEO plugin. -->","yoast_head_json":{"title":"Les succ\u00e8s du r\u00e9seau - International Network against bullfighting","robots":{"index":"index","follow":"follow","max-snippet":"max-snippet:-1","max-image-preview":"max-image-preview:large","max-video-preview":"max-video-preview:-1"},"canonical":"https:\/\/www.antibullfighting.org\/fr\/succes-reseau\/","og_locale":"fr_FR","og_type":"article","og_title":"Les succ\u00e8s du r\u00e9seau - International Network against bullfighting","og_description":"Les organisations du R\u00e9seau ont obtenu de nombreux succ\u00e8s, notamment\u00a0: Succ\u00e8s g\u00e9n\u00e9raux Le rejet croissant de la soci\u00e9t\u00e9 de la cruaut\u00e9 de la corrida, refl\u00e9t\u00e9 dans chacune des enqu\u00eates r\u00e9alis\u00e9es dans les pays taurins. Selon un sondage r\u00e9alis\u00e9 par le journal Reforma Diaro (2022), 73% des Mexicains consid\u00e8rent la corrida comme une cruaut\u00e9 envers les...","og_url":"https:\/\/www.antibullfighting.org\/fr\/succes-reseau\/","og_site_name":"International Network against bullfighting","article_modified_time":"2024-05-13T17:03:32+00:00","twitter_card":"summary_large_image","twitter_misc":{"Dur\u00e9e de lecture estim\u00e9e":"3 minutes"},"schema":{"@context":"https:\/\/schema.org","@graph":[{"@type":"WebPage","@id":"https:\/\/www.antibullfighting.org\/fr\/succes-reseau\/","url":"https:\/\/www.antibullfighting.org\/fr\/succes-reseau\/","name":"Les succ\u00e8s du r\u00e9seau - International Network against bullfighting","isPartOf":{"@id":"https:\/\/www.antibullfighting.org\/fr\/#website"},"datePublished":"2024-03-25T08:30:47+00:00","dateModified":"2024-05-13T17:03:32+00:00","breadcrumb":{"@id":"https:\/\/www.antibullfighting.org\/fr\/succes-reseau\/#breadcrumb"},"inLanguage":"fr-FR","potentialAction":[{"@type":"ReadAction","target":["https:\/\/www.antibullfighting.org\/fr\/succes-reseau\/"]}]},{"@type":"BreadcrumbList","@id":"https:\/\/www.antibullfighting.org\/fr\/succes-reseau\/#breadcrumb","itemListElement":[{"@type":"ListItem","position":1,"name":"Home","item":"https:\/\/www.antibullfighting.org\/fr\/"},{"@type":"ListItem","position":2,"name":"Les succ\u00e8s du r\u00e9seau"}]},{"@type":"WebSite","@id":"https:\/\/www.antibullfighting.org\/fr\/#website","url":"https:\/\/www.antibullfighting.org\/fr\/","name":"International Network against bullfighting","description":"","potentialAction":[{"@type":"SearchAction","target":{"@type":"EntryPoint","urlTemplate":"https:\/\/www.antibullfighting.org\/fr\/?s={search_term_string}"},"query-input":{"@type":"PropertyValueSpecification","valueRequired":true,"valueName":"search_term_string"}}],"inLanguage":"fr-FR"}]}},"_links":{"self":[{"href":"https:\/\/www.antibullfighting.org\/fr\/wp-json\/wp\/v2\/pages\/191","targetHints":{"allow":["GET"]}}],"collection":[{"href":"https:\/\/www.antibullfighting.org\/fr\/wp-json\/wp\/v2\/pages"}],"about":[{"href":"https:\/\/www.antibullfighting.org\/fr\/wp-json\/wp\/v2\/types\/page"}],"author":[{"embeddable":true,"href":"https:\/\/www.antibullfighting.org\/fr\/wp-json\/wp\/v2\/users\/2"}],"replies":[{"embeddable":true,"href":"https:\/\/www.antibullfighting.org\/fr\/wp-json\/wp\/v2\/comments?post=191"}],"version-history":[{"count":6,"href":"https:\/\/www.antibullfighting.org\/fr\/wp-json\/wp\/v2\/pages\/191\/revisions"}],"predecessor-version":[{"id":641,"href":"https:\/\/www.antibullfighting.org\/fr\/wp-json\/wp\/v2\/pages\/191\/revisions\/641"}],"wp:attachment":[{"href":"https:\/\/www.antibullfighting.org\/fr\/wp-json\/wp\/v2\/media?parent=191"}],"curies":[{"name":"wp","href":"https:\/\/api.w.org\/{rel}","templated":true}]}}