{"id":192,"date":"2024-03-25T08:30:47","date_gmt":"2024-03-25T08:30:47","guid":{"rendered":"https:\/\/www.antibullfighting.org\/successes-of-the-network\/"},"modified":"2024-05-13T17:02:13","modified_gmt":"2024-05-13T17:02:13","slug":"exitos-red","status":"publish","type":"page","link":"https:\/\/www.antibullfighting.org\/es\/exitos-red\/","title":{"rendered":"\u00c9xitos de la Red"},"content":{"rendered":"<p>Las organizaciones de la Red han logrado muchos \u00e9xitos, entre ellos:<\/p>\n<p><strong>\u00c9xitos generales<\/strong><\/p>\n<ul>\n<li>El creciente rechazo de la sociedad a la crueldad de la tauromaquia, reflejado en todas y cada una de las encuestas realizadas en los pa\u00edses taurinos. Seg\u00fan una encuesta realizada por el peri\u00f3dico <a href=\"https:\/\/www.reforma.com\/\" target=\"_blank\" rel=\"noopener\">Reforma Diaro<\/a> (2022), el 73% de los mexicanos considera que las corridas de toros son crueldad animal. Una encuesta realizada por <a href=\"https:\/\/www.datexco.com\/\" target=\"_blank\" rel=\"noopener\">Datexco<\/a> (2022) muestra que el 85% de los colombianos est\u00e1 de acuerdo con la prohibici\u00f3n de las corridas de toros. En Francia, una encuesta realizada por <a href=\"https:\/\/www.ifop.com\/wp-content\/uploads\/2022\/02\/118840-Resultats.pdf\" target=\"_blank\" rel=\"noopener\">IFOP<\/a> (2022) obtiene un 87 % en contra de las corridas de toros. Y ocho de cada diez espa\u00f1oles tambi\u00e9n se oponen a ella, seg\u00fan una encuesta de la <a href=\"https:\/\/www.fbbva.es\/\" target=\"_blank\" rel=\"noopener\">Fundaci\u00f3n BBVA<\/a> (2022).<\/li>\n<li>En los ocho pa\u00edses, el n\u00famero de corridas de toros est\u00e1 disminuyendo. Por ejemplo, en Francia bajaron un 40% en los \u00faltimos 20 a\u00f1os. En Espa\u00f1a disminuyeron un 58% desde 2007 y en Ecuador un 65% en los \u00faltimos 11 a\u00f1os.<\/li>\n<li>La tauromaquia es un punto de debate en todos los pa\u00edses taurinos, tanto en la sociedad como en la pol\u00edtica.<\/li>\n<li>Prohibici\u00f3n de las corridas de toros en Catalu\u00f1a, Espa\u00f1a. Despu\u00e9s de que el gobierno espa\u00f1ol derogara la prohibici\u00f3n, no se han vuelto a celebrar corridas de toros en Catalu\u00f1a desde 2011.<\/li>\n<li>Prohibici\u00f3n en varios estados, por ejemplo estos estados mexicanos ya han prohibido las corridas de toros: Coahuila, Sonora, Guerrero, Quintana Roo y Sinaloa.<\/li>\n<li>155 municipios de todo el mundo se han declarado en contra de las corridas de toros.<\/li>\n<\/ul>\n<p><strong>Menores de edad<\/strong><\/p>\n<ul>\n<li>Las Naciones Unidas han pedido a Portugal, Colombia, M\u00e9xico, Per\u00fa, Francia, Ecuador y Espa\u00f1a que alejen y protejan a los menores de la violencia de las corridas de toros.<\/li>\n<li>Ecuador prohibi\u00f3 la asistencia de menores de 18 a las corridas de toros.<\/li>\n<li>Varios estados de Venezuela han prohibido la entrada de ni\u00f1os (16 o 12 a\u00f1os) a las corridas de toros.<\/li>\n<li>Galicia (Espa\u00f1a) prohibi\u00f3 la entrada de menores de 12 a\u00f1os a las corridas de toros.<br \/>\nSubvenciones<\/li>\n<li>El Parlamento Europeo vot\u00f3 a favor de la prohibici\u00f3n de subvencionar las corridas de toros con fondos europeos.<\/li>\n<li>En cada vez m\u00e1s municipios espa\u00f1oles se cancelan las subvenciones a las corridas de toros y las escuelas taurinas. Estos fondos se destinan ahora a Educaci\u00f3n y Sanidad.<\/li>\n<\/ul>\n<p><strong>Empresas<\/strong><\/p>\n<ul>\n<li>Varias empresas, seguros y bancos pusieron fin al patrocinio y la promoci\u00f3n de las corridas de toros, como Mercedes-Benz France, Pernod Ricard, Novotel, Banque de Suez, Cr\u00e9dit Agricole y Groupama.<\/li>\n<li>El aeropuerto irland\u00e9s de Shannon elimin\u00f3 de su sitio web toda referencia a la tauromaquia.<\/li>\n<li>La prestigiosa asociaci\u00f3n brit\u00e1nica de viajes ABTA ha pedido a empresas como STA Travel que dejen de organizar viajes a los encierros de Pamplona y pongan fin a la promoci\u00f3n de las corridas de toros entre los turistas.<\/li>\n<li>Las agencias de viajes de Holanda y B\u00e9lgica dejaron de vender viajes que incluyeran excursiones a corridas de toros.<\/li>\n<\/ul>\n<p><strong>Exportaci\u00f3n de corridas y fiestas con toros<\/strong><\/p>\n<ul>\n<li>Se impidi\u00f3 la exportaci\u00f3n de corridas de toros a China, Emiratos \u00c1rabes Unidos, Costa Rica y Argelia.<\/li>\n<li>Adem\u00e1s, se impidi\u00f3 que los encierros de Pamplona se exportaran a Arabia Saud\u00ed, Estados Unidos y Costa Rica.<\/li>\n<\/ul>\n","protected":false},"excerpt":{"rendered":"<p>Las organizaciones de la Red han logrado muchos \u00e9xitos, entre ellos: \u00c9xitos generales El creciente rechazo de la sociedad a la crueldad de la tauromaquia, reflejado en todas y cada una de las encuestas realizadas en los pa\u00edses taurinos. Seg\u00fan una encuesta realizada por el peri\u00f3dico Reforma Diaro (2022), el 73% de los mexicanos considera&#8230;<\/p>\n","protected":false},"author":2,"featured_media":0,"parent":0,"menu_order":0,"comment_status":"closed","ping_status":"closed","template":"","meta":{"_acf_changed":false,"footnotes":""},"class_list":["post-192","page","type-page","status-publish","hentry"],"acf":[],"yoast_head":"<!-- This site is optimized with the Yoast SEO plugin v27.3 - https:\/\/yoast.com\/product\/yoast-seo-wordpress\/ -->\n<title>\u00c9xitos de la Red - International Network against bullfighting<\/title>\n<meta name=\"robots\" content=\"index, follow, max-snippet:-1, max-image-preview:large, max-video-preview:-1\" \/>\n<link rel=\"canonical\" href=\"https:\/\/www.antibullfighting.org\/es\/exitos-red\/\" \/>\n<meta property=\"og:locale\" content=\"es_ES\" \/>\n<meta property=\"og:type\" content=\"article\" \/>\n<meta property=\"og:title\" content=\"\u00c9xitos de la Red - International Network against bullfighting\" \/>\n<meta property=\"og:description\" content=\"Las organizaciones de la Red han logrado muchos \u00e9xitos, entre ellos: \u00c9xitos generales El creciente rechazo de la sociedad a la crueldad de la tauromaquia, reflejado en todas y cada una de las encuestas realizadas en los pa\u00edses taurinos. Seg\u00fan una encuesta realizada por el peri\u00f3dico Reforma Diaro (2022), el 73% de los mexicanos considera...\" \/>\n<meta property=\"og:url\" content=\"https:\/\/www.antibullfighting.org\/es\/exitos-red\/\" \/>\n<meta property=\"og:site_name\" content=\"International Network against bullfighting\" \/>\n<meta property=\"article:modified_time\" content=\"2024-05-13T17:02:13+00:00\" \/>\n<meta name=\"twitter:card\" content=\"summary_large_image\" \/>\n<meta name=\"twitter:label1\" content=\"Tiempo de lectura\" \/>\n\t<meta name=\"twitter:data1\" content=\"3 minutos\" \/>\n<script type=\"application\/ld+json\" class=\"yoast-schema-graph\">{\"@context\":\"https:\\\/\\\/schema.org\",\"@graph\":[{\"@type\":\"WebPage\",\"@id\":\"https:\\\/\\\/www.antibullfighting.org\\\/es\\\/exitos-red\\\/\",\"url\":\"https:\\\/\\\/www.antibullfighting.org\\\/es\\\/exitos-red\\\/\",\"name\":\"\u00c9xitos de la Red - International Network against bullfighting\",\"isPartOf\":{\"@id\":\"https:\\\/\\\/www.antibullfighting.org\\\/es\\\/#website\"},\"datePublished\":\"2024-03-25T08:30:47+00:00\",\"dateModified\":\"2024-05-13T17:02:13+00:00\",\"breadcrumb\":{\"@id\":\"https:\\\/\\\/www.antibullfighting.org\\\/es\\\/exitos-red\\\/#breadcrumb\"},\"inLanguage\":\"es\",\"potentialAction\":[{\"@type\":\"ReadAction\",\"target\":[\"https:\\\/\\\/www.antibullfighting.org\\\/es\\\/exitos-red\\\/\"]}]},{\"@type\":\"BreadcrumbList\",\"@id\":\"https:\\\/\\\/www.antibullfighting.org\\\/es\\\/exitos-red\\\/#breadcrumb\",\"itemListElement\":[{\"@type\":\"ListItem\",\"position\":1,\"name\":\"Home\",\"item\":\"https:\\\/\\\/www.antibullfighting.org\\\/es\\\/\"},{\"@type\":\"ListItem\",\"position\":2,\"name\":\"\u00c9xitos de la Red\"}]},{\"@type\":\"WebSite\",\"@id\":\"https:\\\/\\\/www.antibullfighting.org\\\/es\\\/#website\",\"url\":\"https:\\\/\\\/www.antibullfighting.org\\\/es\\\/\",\"name\":\"International Network against bullfighting\",\"description\":\"\",\"potentialAction\":[{\"@type\":\"SearchAction\",\"target\":{\"@type\":\"EntryPoint\",\"urlTemplate\":\"https:\\\/\\\/www.antibullfighting.org\\\/es\\\/?s={search_term_string}\"},\"query-input\":{\"@type\":\"PropertyValueSpecification\",\"valueRequired\":true,\"valueName\":\"search_term_string\"}}],\"inLanguage\":\"es\"}]}<\/script>\n<!-- \/ Yoast SEO plugin. -->","yoast_head_json":{"title":"\u00c9xitos de la Red - International Network against bullfighting","robots":{"index":"index","follow":"follow","max-snippet":"max-snippet:-1","max-image-preview":"max-image-preview:large","max-video-preview":"max-video-preview:-1"},"canonical":"https:\/\/www.antibullfighting.org\/es\/exitos-red\/","og_locale":"es_ES","og_type":"article","og_title":"\u00c9xitos de la Red - International Network against bullfighting","og_description":"Las organizaciones de la Red han logrado muchos \u00e9xitos, entre ellos: \u00c9xitos generales El creciente rechazo de la sociedad a la crueldad de la tauromaquia, reflejado en todas y cada una de las encuestas realizadas en los pa\u00edses taurinos. Seg\u00fan una encuesta realizada por el peri\u00f3dico Reforma Diaro (2022), el 73% de los mexicanos considera...","og_url":"https:\/\/www.antibullfighting.org\/es\/exitos-red\/","og_site_name":"International Network against bullfighting","article_modified_time":"2024-05-13T17:02:13+00:00","twitter_card":"summary_large_image","twitter_misc":{"Tiempo de lectura":"3 minutos"},"schema":{"@context":"https:\/\/schema.org","@graph":[{"@type":"WebPage","@id":"https:\/\/www.antibullfighting.org\/es\/exitos-red\/","url":"https:\/\/www.antibullfighting.org\/es\/exitos-red\/","name":"\u00c9xitos de la Red - International Network against bullfighting","isPartOf":{"@id":"https:\/\/www.antibullfighting.org\/es\/#website"},"datePublished":"2024-03-25T08:30:47+00:00","dateModified":"2024-05-13T17:02:13+00:00","breadcrumb":{"@id":"https:\/\/www.antibullfighting.org\/es\/exitos-red\/#breadcrumb"},"inLanguage":"es","potentialAction":[{"@type":"ReadAction","target":["https:\/\/www.antibullfighting.org\/es\/exitos-red\/"]}]},{"@type":"BreadcrumbList","@id":"https:\/\/www.antibullfighting.org\/es\/exitos-red\/#breadcrumb","itemListElement":[{"@type":"ListItem","position":1,"name":"Home","item":"https:\/\/www.antibullfighting.org\/es\/"},{"@type":"ListItem","position":2,"name":"\u00c9xitos de la Red"}]},{"@type":"WebSite","@id":"https:\/\/www.antibullfighting.org\/es\/#website","url":"https:\/\/www.antibullfighting.org\/es\/","name":"International Network against bullfighting","description":"","potentialAction":[{"@type":"SearchAction","target":{"@type":"EntryPoint","urlTemplate":"https:\/\/www.antibullfighting.org\/es\/?s={search_term_string}"},"query-input":{"@type":"PropertyValueSpecification","valueRequired":true,"valueName":"search_term_string"}}],"inLanguage":"es"}]}},"_links":{"self":[{"href":"https:\/\/www.antibullfighting.org\/es\/wp-json\/wp\/v2\/pages\/192","targetHints":{"allow":["GET"]}}],"collection":[{"href":"https:\/\/www.antibullfighting.org\/es\/wp-json\/wp\/v2\/pages"}],"about":[{"href":"https:\/\/www.antibullfighting.org\/es\/wp-json\/wp\/v2\/types\/page"}],"author":[{"embeddable":true,"href":"https:\/\/www.antibullfighting.org\/es\/wp-json\/wp\/v2\/users\/2"}],"replies":[{"embeddable":true,"href":"https:\/\/www.antibullfighting.org\/es\/wp-json\/wp\/v2\/comments?post=192"}],"version-history":[{"count":7,"href":"https:\/\/www.antibullfighting.org\/es\/wp-json\/wp\/v2\/pages\/192\/revisions"}],"predecessor-version":[{"id":640,"href":"https:\/\/www.antibullfighting.org\/es\/wp-json\/wp\/v2\/pages\/192\/revisions\/640"}],"wp:attachment":[{"href":"https:\/\/www.antibullfighting.org\/es\/wp-json\/wp\/v2\/media?parent=192"}],"curies":[{"name":"wp","href":"https:\/\/api.w.org\/{rel}","templated":true}]}}